{"id":6814,"date":"2023-01-19T19:33:47","date_gmt":"2023-01-19T18:33:47","guid":{"rendered":"https:\/\/ladywood.pl\/security-and-cookies-policy\/"},"modified":"2023-09-03T14:47:00","modified_gmt":"2023-09-03T12:47:00","slug":"security-and-cookies-policy","status":"publish","type":"page","link":"https:\/\/ladywood.pl\/en\/security-and-cookies-policy\/","title":{"rendered":"Security and cookies policy"},"content":{"rendered":"<section class=\"wpb-content-wrapper\"><p>[vc_row anchor=&#8221;branding&#8221; css=&#8221;.vc_custom_1486721143332{padding-top: 20px !important;}&#8221;][vc_column offset=&#8221;vc_col-lg-offset-1 vc_col-lg-11&#8243; css=&#8221;.vc_custom_1486568103654{margin-top: -20px !important;padding-right: 5% !important;}&#8221;]<div class=\"mkd-elements-holder mkd-responsive-mode-768\" ><div class=\"mkd-eh-item \"  data-item-class=\"mkd-eh-custom-560566\" data-768-1024=\"50px 0 0 0\" data-600-768=\"50px 0 0 0\" data-480-600=\"50px 0 0 0\" data-480=\"50px 0 0 0\">\n\t<div class=\"mkd-eh-item-inner\">\n\t\t<div class=\"mkd-eh-item-content mkd-eh-custom-560566\" style=\"padding: 0px\">\n\t\t\t[vc_column_text]<\/p>\n<h3><b>Privacy policy of ladywood.pl store (&#8220;Shop&#8221;)<\/b><\/h3>\n<p>[\/vc_column_text][vc_column_text]<\/p>\n<h4><b>Dear User!<\/b><\/h4>\n<p>[\/vc_column_text][vc_column_text]<\/p>\n<p class=\"p3\"><span class=\"s1\">We care about your privacy and want you to feel comfortable while using our services. Therefore, below we present to you the most important information about the principles of our processing of your personal data and cookies, which are used by our Store. This information has been prepared taking into account RODO, the General Data Protection Regulation.<\/span><\/p>\n<p>[\/vc_column_text][vc_empty_space height=&#8221;42px&#8221;]\t\t<\/div>\n\t<\/div>\n<\/div><\/div>[\/vc_column][\/vc_row][vc_row anchor=&#8221;first&#8221;][vc_column offset=&#8221;vc_col-lg-offset-1 vc_col-lg-11&#8243; css=&#8221;.vc_custom_1486568103654{margin-top: -20px !important;padding-right: 5% !important;}&#8221;]<div class=\"mkd-elements-holder mkd-responsive-mode-768\" ><div class=\"mkd-eh-item \"  data-item-class=\"mkd-eh-custom-542377\" data-768-1024=\"50px 0 0 0\" data-600-768=\"50px 0 0 0\" data-480-600=\"50px 0 0 0\" data-480=\"50px 0 0 0\">\n\t<div class=\"mkd-eh-item-inner\">\n\t\t<div class=\"mkd-eh-item-content mkd-eh-custom-542377\" style=\"padding: 0px\">\n\t\t\t[vc_column_text]<\/p>\n<h4><b>PERSONAL DATA ADMINISTRATOR (&#8220;Administrator&#8221;).<\/b><\/h4>\n<p>[\/vc_column_text][vc_column_text]Grupa ism s.j. conducting business under the name of Grupa ism Sp\u00f3\u0142ka Jawna S.Kubi\u0144ski, M.Bulik, registered in the National Court Register under the number 0000466130, NIP 9671357515 , REGON no. 341447530, ul. Wiejska 2, 85-458 Bydgoszcz .[\/vc_column_text][vc_empty_space height=&#8221;42px&#8221;]\t\t<\/div>\n\t<\/div>\n<\/div><\/div>[\/vc_column][\/vc_row][vc_row anchor=&#8221;marketing&#8221;][vc_column offset=&#8221;vc_col-lg-offset-1 vc_col-lg-11&#8243; css=&#8221;.vc_custom_1486568103654{margin-top: -20px !important;padding-right: 5% !important;}&#8221;]<div class=\"mkd-elements-holder mkd-responsive-mode-768\" ><div class=\"mkd-eh-item \"  data-item-class=\"mkd-eh-custom-463558\" data-768-1024=\"50px 0 0 0\" data-600-768=\"50px 0 0 0\" data-480-600=\"50px 0 0 0\" data-480=\"50px 0 0 0\">\n\t<div class=\"mkd-eh-item-inner\">\n\t\t<div class=\"mkd-eh-item-content mkd-eh-custom-463558\" style=\"padding: 0px\">\n\t\t\t[vc_column_text]<\/p>\n<h4><b>PERSONAL DATA AND PRIVACY<\/b><\/h4>\n<p>[\/vc_column_text][vc_column_text]<\/p>\n<p class=\"p3\"><span class=\"s1\">Your data is processed by us for the purposes indicated below, related to the operation of the Store and the provision of the services offered therein (the &#8220;Services&#8221;).<\/span><\/p>\n<p class=\"p3\"><span class=\"s1\"><b>Purpose of processing:<\/b><\/span><\/p>\n<p class=\"p3\"><span class=\"s1\">Depending on what you decide on, it could be:<\/span><\/p>\n<ul class=\"ul1\">\n<li class=\"li3\"><span class=\"s1\">Provision of services offered in the Store<\/span><\/li>\n<li class=\"li3\"><span class=\"s1\">Fulfillment of your orders<\/span><\/li>\n<li class=\"li3\"><span class=\"s1\">Direct marketing of services offered, other than newsletters<\/span><\/li>\n<\/ul>\n<p class=\"p3\"><span class=\"s1\"><b>Basis for processing:<\/b><\/span><\/p>\n<ul class=\"ul1\">\n<li class=\"li3\"><span class=\"s1\">Sales contract or actions taken at your request to conclude it (Article 6(1)(b) RODO)<\/span><\/li>\n<li class=\"li3\"><span class=\"s1\">A legal obligation incumbent on us, e.g. related to accounting (Art. 6(1)(c) RODO)<\/span><\/li>\n<li class=\"li3\"><span class=\"s1\">Your consent given in the Store (Article 6(1)(a) of the RODO)<\/span><\/li>\n<li class=\"li3\"><span class=\"s1\">A contract for the provision of services or actions taken at your request to enter into such a contract (Article 6(1)(b) RODO)<\/span><\/li>\n<li class=\"li3\"><span class=\"s1\">Our legitimate interest in processing data for the purpose of establishing, asserting or defending possible claims (Article 6(1)(f) RODO)<\/span><\/li>\n<li class=\"li3\"><span class=\"s1\">Our legitimate interest in conducting direct marketing (Article 6(1)(f) RODO)<\/span><\/li>\n<li class=\"li3\"><span class=\"s1\">Our legitimate interest in processing data for analytical and statistical purposes (Article 6(1)(f) RODO)<\/span><\/li>\n<li class=\"li3\"><span class=\"s1\">Our legitimate interest in surveying customer satisfaction (Article 6(1)(f) RODO)<\/span><\/li>\n<\/ul>\n<p class=\"p3\"><span class=\"s1\"><b>Data submission:<\/b><\/span><\/p>\n<ul class=\"ul1\">\n<li class=\"li3\"><span class=\"s1\">Voluntary, but in some cases may be necessary to enter into a contract.<\/span><\/li>\n<\/ul>\n<p class=\"p3\"><span class=\"s1\"><b>Effect of not providing data:<\/b><\/span><\/p>\n<p class=\"p3\"><span class=\"s1\">Depending on the purpose for which the data is provided:<\/span><\/p>\n<ul class=\"ul1\">\n<li class=\"li3\"><span class=\"s1\">inability to register in the Store<\/span><\/li>\n<li class=\"li3\"><span class=\"s1\">inability to use the services of the Store<\/span><\/li>\n<li class=\"li3\"><span class=\"s1\">inability to make purchases in the Store<\/span><\/li>\n<\/ul>\n<p class=\"p3\"><span class=\"s1\"><b>Ability to revoke consent:<\/b><\/span><\/p>\n<ul class=\"ul1\">\n<li class=\"li3\"><span class=\"s1\">at any time<\/span><\/li>\n<\/ul>\n<p class=\"p3\"><span class=\"s1\">Data processing remains lawful until you revoke your consent.<\/span><\/p>\n<p>[\/vc_column_text][vc_empty_space height=&#8221;42px&#8221;]\t\t<\/div>\n\t<\/div>\n<\/div><\/div>[\/vc_column][\/vc_row][vc_row anchor=&#8221;positioning&#8221;][vc_column offset=&#8221;vc_col-lg-offset-1 vc_col-lg-11&#8243; css=&#8221;.vc_custom_1486568103654{margin-top: -20px !important;padding-right: 5% !important;}&#8221;]<div class=\"mkd-elements-holder mkd-responsive-mode-768\" ><div class=\"mkd-eh-item \"  data-item-class=\"mkd-eh-custom-683233\" data-768-1024=\"50px 0 0 0\" data-600-768=\"50px 0 0 0\" data-480-600=\"50px 0 0 0\" data-480=\"50px 0 0 0\">\n\t<div class=\"mkd-eh-item-inner\">\n\t\t<div class=\"mkd-eh-item-content mkd-eh-custom-683233\" style=\"padding: 0px\">\n\t\t\t[vc_column_text]<\/p>\n<h4><b>PROFILING<\/b><\/h4>\n<p>[\/vc_column_text][vc_column_text]<\/p>\n<p class=\"p3\"><span class=\"s1\">Within the Store, we may automatically tailor certain content to your needs, i.e. perform profiling using the personal data you provide.<\/span><\/p>\n<p class=\"p3\"><span class=\"s1\">In the event that profiling could result in decisions that produce legal effects against you or affect you in a similarly significant manner, we will only carry out such profiling if you have given your consent.<\/span><\/p>\n<p class=\"p3\"><span class=\"s1\">Remember that you can revoke your consent at any time. Data processing remains lawful until you revoke your consent.<\/span><\/p>\n<p>[\/vc_column_text][vc_empty_space height=&#8221;42px&#8221;]\t\t<\/div>\n\t<\/div>\n<\/div><\/div>[\/vc_column][\/vc_row][vc_row anchor=&#8221;efficient&#8221;][vc_column offset=&#8221;vc_col-lg-offset-1 vc_col-lg-11&#8243; css=&#8221;.vc_custom_1486568103654{margin-top: -20px !important;padding-right: 5% !important;}&#8221;]<div class=\"mkd-elements-holder mkd-responsive-mode-768\" ><div class=\"mkd-eh-item \"  data-item-class=\"mkd-eh-custom-345902\" data-768-1024=\"50px 0 0 0\" data-600-768=\"50px 0 0 0\" data-480-600=\"50px 0 0 0\" data-480=\"50px 0 0 0\">\n\t<div class=\"mkd-eh-item-inner\">\n\t\t<div class=\"mkd-eh-item-content mkd-eh-custom-345902\" style=\"padding: 0px\">\n\t\t\t[vc_column_text]<\/p>\n<h4><b>PROCESSING PERIOD<\/b><\/h4>\n<p>[\/vc_column_text][vc_column_text]<\/p>\n<p class=\"p3\"><span class=\"s1\">We will process your data only for as long as we have a legal basis to do so, which is until:<\/span><\/p>\n<ul class=\"ul1\">\n<li class=\"li3\"><span class=\"s1\">we cease to be under a legal obligation obliging us to process your data<\/span><\/li>\n<li class=\"li3\"><span class=\"s1\">cease the possibility of determining, investigating or defending possible claims related to the contract concluded by the Store by the parties<\/span><\/li>\n<li class=\"li3\"><span class=\"s1\">revoke your consent to data processing, if it was the basis for it<\/span><\/li>\n<li class=\"li3\"><span class=\"s1\">your objection to the processing of your personal data will be accepted &#8211; where the basis for the processing of your data was the legitimate interest of the controller or where the data were processed for direct marketing purposes, including profiling<\/span><\/li>\n<\/ul>\n<p class=\"p3\"><span class=\"s1\">&#8211; depending on what is applicable in the case and what will happen at the latest.<\/span><\/p>\n<p>[\/vc_column_text][vc_empty_space height=&#8221;42px&#8221;]\t\t<\/div>\n\t<\/div>\n<\/div><\/div>[\/vc_column][\/vc_row][vc_row anchor=&#8221;marketplace&#8221;][vc_column offset=&#8221;vc_col-lg-offset-1 vc_col-lg-11&#8243; css=&#8221;.vc_custom_1486568103654{margin-top: -20px !important;padding-right: 5% !important;}&#8221;]<div class=\"mkd-elements-holder mkd-responsive-mode-768\" ><div class=\"mkd-eh-item \"  data-item-class=\"mkd-eh-custom-225283\" data-768-1024=\"50px 0 0 0\" data-600-768=\"50px 0 0 0\" data-480-600=\"50px 0 0 0\" data-480=\"50px 0 0 0\">\n\t<div class=\"mkd-eh-item-inner\">\n\t\t<div class=\"mkd-eh-item-content mkd-eh-custom-225283\" style=\"padding: 0px\">\n\t\t\t[vc_column_text]<\/p>\n<h4><b>DATA SECURITY<\/b><\/h4>\n<p>[\/vc_column_text][vc_column_text]When processing your personal data, we use organizational and technical measures in accordance with applicable laws, including the use of SSL certificate connection encryption.[\/vc_column_text][vc_empty_space height=&#8221;42px&#8221;]\t\t<\/div>\n\t<\/div>\n<\/div><\/div>[\/vc_column][\/vc_row][vc_row anchor=&#8221;company&#8221;][vc_column offset=&#8221;vc_col-lg-offset-1 vc_col-lg-11&#8243; css=&#8221;.vc_custom_1486568103654{margin-top: -20px !important;padding-right: 5% !important;}&#8221;]<div class=\"mkd-elements-holder mkd-responsive-mode-768\" ><div class=\"mkd-eh-item \"  data-item-class=\"mkd-eh-custom-452713\" data-768-1024=\"50px 0 0 0\" data-600-768=\"50px 0 0 0\" data-480-600=\"50px 0 0 0\" data-480=\"50px 0 0 0\">\n\t<div class=\"mkd-eh-item-inner\">\n\t\t<div class=\"mkd-eh-item-content mkd-eh-custom-452713\" style=\"padding: 0px\">\n\t\t\t[vc_column_text]<\/p>\n<h4><b>YOUR RIGHTS<\/b><\/h4>\n<p>[\/vc_column_text][vc_column_text]<\/p>\n<p class=\"p3\"><span class=\"s1\">You are entitled to demand:<\/span><\/p>\n<ul class=\"ul1\">\n<li class=\"li3\"><span class=\"s1\">Access to your personal information,<\/span><\/li>\n<li class=\"li3\"><span class=\"s1\">their correction,<\/span><\/li>\n<li class=\"li3\"><span class=\"s1\">removals,<\/span><\/li>\n<li class=\"li3\"><span class=\"s1\">processing restrictions,<\/span><\/li>\n<li class=\"li3\"><span class=\"s1\">request the transfer of data to another controller,<\/span><\/li>\n<\/ul>\n<p class=\"p3\"><span class=\"s1\">And also:<\/span><\/p>\n<ul class=\"ul1\">\n<li class=\"li3\"><span class=\"s1\">object at any time to the processing of your data:<\/span>\n<ul class=\"ul1\">\n<li class=\"li3\"><span class=\"s1\">for reasons related to your particular situation &#8211; against the processing of personal data concerning you, based on Art. 6 paragraph. 1(f) of the RODO (i.e., on legitimate interests pursued by the controller), including profiling under these provisions,<\/span><\/li>\n<li class=\"li3\"><span class=\"s1\">if personal data is processed for the purposes of direct marketing, including profiling, to the extent that the processing is related to such direct marketing.<\/span><\/li>\n<\/ul>\n<\/li>\n<\/ul>\n<p class=\"p3\"><span class=\"s1\">Contact us if you want to exercise your rights.<\/span><\/p>\n<p class=\"p3\"><span class=\"s1\">If you believe that your data is being processed unlawfully, you can file a complaint with the supervisory authority.<\/span><\/p>\n<p>[\/vc_column_text][vc_empty_space height=&#8221;42px&#8221;]\t\t<\/div>\n\t<\/div>\n<\/div><\/div>[\/vc_column][\/vc_row][vc_row anchor=&#8221;mind&#8221;][vc_column offset=&#8221;vc_col-lg-offset-1 vc_col-lg-11&#8243; css=&#8221;.vc_custom_1486568103654{margin-top: -20px !important;padding-right: 5% !important;}&#8221;]<div class=\"mkd-elements-holder mkd-responsive-mode-768\" ><div class=\"mkd-eh-item \"  data-item-class=\"mkd-eh-custom-185200\" data-768-1024=\"50px 0 0 0\" data-600-768=\"50px 0 0 0\" data-480-600=\"50px 0 0 0\" data-480=\"50px 0 0 0\">\n\t<div class=\"mkd-eh-item-inner\">\n\t\t<div class=\"mkd-eh-item-content mkd-eh-custom-185200\" style=\"padding: 0px\">\n\t\t\t[vc_column_text]<\/p>\n<h4><b>CAKES<\/b><\/h4>\n<p>[\/vc_column_text][vc_column_text]<\/p>\n<p class=\"p3\"><span class=\"s1\">Our Store, like most websites, uses what is known as a &#8220;web browser&#8221;. cookies (cookies). These files:<\/span><\/p>\n<ul class=\"ul1\">\n<li class=\"li3\"><span class=\"s1\">are stored in the memory of your device (computer, phone, etc.)<\/span><\/li>\n<li class=\"li3\"><span class=\"s1\">enable you, among other things, to use all features of the Store<\/span><\/li>\n<li class=\"li3\"><span class=\"s1\">do not cause changes in the settings of your device<\/span><\/li>\n<\/ul>\n<p class=\"p3\"><span class=\"s1\">Using the appropriate options of your browser, you can at any time:<\/span><\/p>\n<ul class=\"ul1\">\n<li class=\"li3\"><span class=\"s1\">remove cookies<\/span><\/li>\n<li class=\"li3\"><span class=\"s1\">block the use of cookies in the future<\/span><\/li>\n<\/ul>\n<p class=\"p3\"><span class=\"s1\">In this Store, cookies are used for:<\/span><\/p>\n<ul class=\"ul1\">\n<li class=\"li3\"><span class=\"s1\">remembering your session information<\/span><\/li>\n<li class=\"li3\"><span class=\"s1\">statistical<\/span><\/li>\n<li class=\"li3\"><span class=\"s1\">marketing<\/span><\/li>\n<li class=\"li3\"><span class=\"s1\">making the Store&#8217;s functions available<\/span><\/li>\n<\/ul>\n<p class=\"p3\"><span class=\"s1\">To learn how to manage cookies, including how to disable them in your browser, you can refer to your browser&#8217;s help file. You can read more about it by pressing F1 in your browser. In addition, you will find relevant tips on the following pages, depending on the browser you are using:<\/span><\/p>\n<ul class=\"ul1\">\n<li class=\"li6\"><span class=\"s2\"><a href=\"https:\/\/support.mozilla.org\/pl\/kb\/W%C5%82%C4%85czanie%20i%20wy%C5%82%C4%85czanie%20obs%C5%82ugi%20ciasteczek\"><span class=\"s3\">Firefox<\/span><\/a><\/span><\/li>\n<li class=\"li6\"><span class=\"s2\"><a href=\"https:\/\/support.google.com\/chrome\/answer\/95647?hl=plX\"><span class=\"s3\">Chrome<\/span><\/a><\/span><\/li>\n<li class=\"li6\"><span class=\"s2\"><a href=\"https:\/\/support.apple.com\/kb\/PH5042?locale=en_US\"><span class=\"s3\">Safari<\/span><\/a><\/span><\/li>\n<li class=\"li6\"><span class=\"s2\"><a href=\"http:\/\/windows.microsoft.com\/pl-pl\/windows-10\/edge-privacy-faq\"><span class=\"s3\">Internet Explorer \/ Microsoft Edge<\/span><\/a><\/span><\/li>\n<\/ul>\n<p class=\"p3\"><span class=\"s1\">For more information about cookies, see <a href=\"https:\/\/pl.wikipedia.org\/wiki\/HTTP_cookie\"><br \/>\n  <span class=\"s4\">Wikipedia<\/span><br \/>\n<\/a>.<\/span><\/p>\n<p>[\/vc_column_text][vc_empty_space height=&#8221;42px&#8221;]\t\t<\/div>\n\t<\/div>\n<\/div><\/div>[\/vc_column][\/vc_row][vc_row anchor=&#8221;better&#8221; css=&#8221;.vc_custom_1486718323858{padding-bottom: 50px !important;}&#8221;][vc_column offset=&#8221;vc_col-lg-offset-1 vc_col-lg-11&#8243; css=&#8221;.vc_custom_1486568103654{margin-top: -20px !important;padding-right: 5% !important;}&#8221;]<div class=\"mkd-elements-holder mkd-responsive-mode-768\" ><div class=\"mkd-eh-item \"  data-item-class=\"mkd-eh-custom-767411\" data-768-1024=\"50px 0 0 0\" data-600-768=\"50px 0 0 0\" data-480-600=\"50px 0 0 0\" data-480=\"50px 0 0 0\">\n\t<div class=\"mkd-eh-item-inner\">\n\t\t<div class=\"mkd-eh-item-content mkd-eh-custom-767411\" style=\"padding: 0px\">\n\t\t\t[vc_column_text]<\/p>\n<h4><b>EXTERNAL SERVICES \/ DATA RECIPIENTS<\/b><\/h4>\n<p>[\/vc_column_text][vc_column_text]<\/p>\n<p class=\"p3\"><span class=\"s1\">We use third parties to whom your data may be transferred. Below is a list of possible recipients of your data:<\/span><\/p>\n<ul class=\"ul1\">\n<li class=\"li3\"><span class=\"s1\">provider of software needed to run an online store<\/span><\/li>\n<li class=\"li3\"><span class=\"s1\">accounting firm<\/span><\/li>\n<li class=\"li3\"><span class=\"s1\">web host<\/span><\/li>\n<li class=\"li3\"><span class=\"s1\">external companies involved in the logistics process ensuring the delivery of the ordered goods<\/span><\/li>\n<li class=\"li3\"><span class=\"s1\">entity that facilitates the optimization of the Store<\/span><\/li>\n<li class=\"li3\"><span class=\"s1\">marketing service provider<\/span><\/li>\n<li class=\"li3\"><span class=\"s1\">provider of statistical services<\/span><\/li>\n<li class=\"li3\"><span class=\"s1\">The relevant public authorities to the extent that the Administrator is obliged to make the data available to them<\/span><\/li>\n<\/ul>\n<p>[\/vc_column_text][vc_empty_space height=&#8221;52px&#8221;]\t\t<\/div>\n\t<\/div>\n<\/div><\/div>[\/vc_column][\/vc_row][vc_row anchor=&#8221;better&#8221; css=&#8221;.vc_custom_1486718323858{padding-bottom: 50px !important;}&#8221;][vc_column offset=&#8221;vc_col-lg-offset-1 vc_col-lg-11&#8243; css=&#8221;.vc_custom_1486568103654{margin-top: -20px !important;padding-right: 5% !important;}&#8221;]<div class=\"mkd-elements-holder mkd-responsive-mode-768\" ><div class=\"mkd-eh-item \"  data-item-class=\"mkd-eh-custom-817673\" data-768-1024=\"50px 0 0 0\" data-600-768=\"50px 0 0 0\" data-480-600=\"50px 0 0 0\" data-480=\"50px 0 0 0\">\n\t<div class=\"mkd-eh-item-inner\">\n\t\t<div class=\"mkd-eh-item-content mkd-eh-custom-817673\" style=\"padding: 0px\">\n\t\t\t[vc_column_text]<\/p>\n<h4><b>CONTACT THE ADMINISTRATOR<\/b><\/h4>\n<p>[\/vc_column_text][vc_column_text]<\/p>\n<p class=\"p3\"><span class=\"s1\">Do you want to exercise your rights regarding your personal data?<\/span><\/p>\n<p class=\"p3\"><span class=\"s1\">Or maybe you just want to ask about something related to our Privacy Policy?<\/span><\/p>\n<p class=\"p3\"><span class=\"s1\">Write to the email address:<\/span><\/p>\n<p class=\"p3\"><span class=\"s1\">kontakt@ladywood.pl<\/span><\/p>\n<p>[\/vc_column_text][vc_empty_space height=&#8221;52px&#8221;]\t\t<\/div>\n\t<\/div>\n<\/div><\/div>[\/vc_column][\/vc_row]<\/p>\n<\/section>","protected":false},"excerpt":{"rendered":"<p>[vc_row anchor=&#8221;branding&#8221; css=&#8221;.vc_custom_1486721143332{padding-top: 20px !important;}&#8221;][vc_column offset=&#8221;vc_col-lg-offset-1 vc_col-lg-11&#8243; css=&#8221;.vc_custom_1486568103654{margin-top: -20px !important;padding-right: 5% !important;}&#8221;][\/vc_column][\/vc_row][vc_row anchor=&#8221;first&#8221;][vc_column offset=&#8221;vc_col-lg-offset-1 vc_col-lg-11&#8243; css=&#8221;.vc_custom_1486568103654{margin-top: -20px !important;padding-right: 5% !important;}&#8221;][\/vc_column][\/vc_row][vc_row anchor=&#8221;marketing&#8221;][vc_column offset=&#8221;vc_col-lg-offset-1 vc_col-lg-11&#8243; css=&#8221;.vc_custom_1486568103654{margin-top: -20px !important;padding-right: 5% !important;}&#8221;][\/vc_column][\/vc_row][vc_row anchor=&#8221;positioning&#8221;][vc_column offset=&#8221;vc_col-lg-offset-1 vc_col-lg-11&#8243; css=&#8221;.vc_custom_1486568103654{margin-top: -20px !important;padding-right: 5% !important;}&#8221;][\/vc_column][\/vc_row][vc_row anchor=&#8221;efficient&#8221;][vc_column offset=&#8221;vc_col-lg-offset-1 vc_col-lg-11&#8243; css=&#8221;.vc_custom_1486568103654{margin-top: [&hellip;]<\/p>\n","protected":false},"author":1,"featured_media":0,"parent":0,"menu_order":0,"comment_status":"closed","ping_status":"closed","template":"","meta":{"_monsterinsights_skip_tracking":false,"_monsterinsights_sitenote_active":false,"_monsterinsights_sitenote_note":"","_monsterinsights_sitenote_category":0,"footnotes":""},"class_list":["post-6814","page","type-page","status-publish","hentry"],"_links":{"self":[{"href":"https:\/\/ladywood.pl\/en\/wp-json\/wp\/v2\/pages\/6814","targetHints":{"allow":["GET"]}}],"collection":[{"href":"https:\/\/ladywood.pl\/en\/wp-json\/wp\/v2\/pages"}],"about":[{"href":"https:\/\/ladywood.pl\/en\/wp-json\/wp\/v2\/types\/page"}],"author":[{"embeddable":true,"href":"https:\/\/ladywood.pl\/en\/wp-json\/wp\/v2\/users\/1"}],"replies":[{"embeddable":true,"href":"https:\/\/ladywood.pl\/en\/wp-json\/wp\/v2\/comments?post=6814"}],"version-history":[{"count":5,"href":"https:\/\/ladywood.pl\/en\/wp-json\/wp\/v2\/pages\/6814\/revisions"}],"predecessor-version":[{"id":6988,"href":"https:\/\/ladywood.pl\/en\/wp-json\/wp\/v2\/pages\/6814\/revisions\/6988"}],"wp:attachment":[{"href":"https:\/\/ladywood.pl\/en\/wp-json\/wp\/v2\/media?parent=6814"}],"curies":[{"name":"wp","href":"https:\/\/api.w.org\/{rel}","templated":true}]}}